{"id":129,"date":"2023-12-08T12:08:42","date_gmt":"2023-12-08T15:08:42","guid":{"rendered":"https:\/\/mkpresentes.com.br\/?post_type=product&#038;p=129"},"modified":"2023-12-08T12:33:20","modified_gmt":"2023-12-08T15:33:20","slug":"kit-shot-jack-skellington-jack-esqueleto","status":"publish","type":"product","link":"https:\/\/mkpresentes.com.br\/index.php\/produto\/kit-shot-jack-skellington-jack-esqueleto\/","title":{"rendered":"Kit Shot Jack Skellington (Jack Esqueleto)"},"content":{"rendered":"<h3>O Kit Shot Jack Skellington \u00e9 perfeito para tornar os momentos com os amigos ainda mais divertidos!<\/h3>\n<p>Kit Shot Jack Skellington &#8211; O Estranho Mundo de Jack voc\u00ea quer deixar seus rol\u00eas mais divertidos, mas n\u00e3o sabe como? A gente te ajuda! Com esse kit suas noites de com os amigos ficam muito mais divertidas e completas! N\u00e3o importa se \u00e9 no halloween ou no Natal, esse kit vai te acompanhar em todas as suas aventuras!<\/p>\n<p>O produto \u00e9 produzido em territ\u00f3rio nacional, feito em porcelana com detalhes que v\u00e3o fazer voc\u00ea se apaixonar! Cada copinho tem 60ml de capacidade, \u00e9 perfeito para tornar suas noites com os amigos mais estilosas e divertidas! Que tal dar um toque de estilo com esse kit em todos os seus rol\u00eas!?<\/p>\n<h5><strong>Especifica\u00e7\u00f5es:<\/strong><\/h5>\n<p>Altura: 5,5cm<br \/>\nLargura: 6cm<br \/>\nComprimento:6cm<br \/>\nCapacidade: 60ml<br \/>\nMaterial: Porcelana<\/p>\n<h5><strong>Cuidados e recomenda\u00e7\u00f5es de uso:<\/strong><\/h5>\n<p>&#8211; Lavar com \u00e1gua, esponja macia e detergente neutro.<br \/>\n&#8211; N\u00e3o vai ao micro-ondas, nem a lava-lou\u00e7as.<br \/>\n&#8211; N\u00e3o utilizar qu\u00edmicos e abrasivos.<br \/>\n&#8211; Choques ou quedas podem trincar ou quebrar o produto, pois trata-se de um produto de Porcelana.<\/p>\n<h4><i>Outras informa\u00e7\u00f5es<\/i><\/h4>\n<p><strong>GARANTIA: <\/strong>7 DIAS APENAS PARA DEFEITOS DE FABRICA\u00c7\u00c3O<strong><br \/>\nMARCA:<\/strong>\u00a0O ESTRANHO MUNDO DE JACK<br \/>\n<strong>LICENCIADOR:<\/strong> DISNEY<\/p>\n","protected":false},"excerpt":{"rendered":"<p>Kit Shot Jack Skellington &#8211; O Estranho Mundo de Jack voc\u00ea quer deixar seus rol\u00eas mais divertidos, mas n\u00e3o sabe como? A gente te ajuda! Com esse kit suas noites de com os amigos ficam muito mais divertidas e completas! N\u00e3o importa se \u00e9 no halloween ou no Natal, esse kit vai te acompanhar em todas as suas aventuras!<\/p>\n<p>O produto \u00e9 produzido em territ\u00f3rio nacional, feito em porcelana com detalhes que v\u00e3o fazer voc\u00ea se apaixonar! Cada copinho tem 60ml de capacidade, \u00e9 perfeito para tornar suas noites com os amigos mais estilosas e divertidas! Que tal dar um toque de estilo com esse kit em todos os seus rol\u00eas!?<\/p>\n","protected":false},"featured_media":133,"comment_status":"open","ping_status":"closed","template":"","meta":[],"product_brand":[27],"product_cat":[15,23],"product_tag":[46,45,47,51,49,48,50,44,40,43,41,42,38,39],"class_list":{"0":"post-129","1":"product","2":"type-product","3":"status-publish","4":"has-post-thumbnail","6":"product_brand-zonacriativa","7":"product_cat-geral","8":"product_cat-copos-e-garrafas","9":"product_tag-copinhos-de-shot-jack-esqueleto","10":"product_tag-copinhos-de-shot-jack-skellington","11":"product_tag-copinhos-de-shot-o-estranho-mundo-de-jack","12":"product_tag-copos-de-shot-decorativos","13":"product_tag-copos-de-shot-halloween","14":"product_tag-copos-de-shot-jack-esqueleto","15":"product_tag-copos-de-shot-natal","16":"product_tag-kit-copo-shot-jack-skellington","17":"product_tag-kit-shot-jack-skellington","18":"product_tag-kit-shot-jack-skellington-de-porcelana","19":"product_tag-kit-shot-jack-skellington-zona-criativa","20":"product_tag-kit-shot-jack-skellington-zonacriativa","21":"product_tag-zona-criativa","22":"product_tag-zonacriativa","24":"first","25":"instock","26":"shipping-taxable","27":"purchasable","28":"product-type-simple"},"_links":{"self":[{"href":"https:\/\/mkpresentes.com.br\/index.php\/wp-json\/wp\/v2\/product\/129","targetHints":{"allow":["GET"]}}],"collection":[{"href":"https:\/\/mkpresentes.com.br\/index.php\/wp-json\/wp\/v2\/product"}],"about":[{"href":"https:\/\/mkpresentes.com.br\/index.php\/wp-json\/wp\/v2\/types\/product"}],"replies":[{"embeddable":true,"href":"https:\/\/mkpresentes.com.br\/index.php\/wp-json\/wp\/v2\/comments?post=129"}],"version-history":[{"count":1,"href":"https:\/\/mkpresentes.com.br\/index.php\/wp-json\/wp\/v2\/product\/129\/revisions"}],"predecessor-version":[{"id":134,"href":"https:\/\/mkpresentes.com.br\/index.php\/wp-json\/wp\/v2\/product\/129\/revisions\/134"}],"wp:featuredmedia":[{"embeddable":true,"href":"https:\/\/mkpresentes.com.br\/index.php\/wp-json\/wp\/v2\/media\/133"}],"wp:attachment":[{"href":"https:\/\/mkpresentes.com.br\/index.php\/wp-json\/wp\/v2\/media?parent=129"}],"wp:term":[{"taxonomy":"product_brand","embeddable":true,"href":"https:\/\/mkpresentes.com.br\/index.php\/wp-json\/wp\/v2\/product_brand?post=129"},{"taxonomy":"product_cat","embeddable":true,"href":"https:\/\/mkpresentes.com.br\/index.php\/wp-json\/wp\/v2\/product_cat?post=129"},{"taxonomy":"product_tag","embeddable":true,"href":"https:\/\/mkpresentes.com.br\/index.php\/wp-json\/wp\/v2\/product_tag?post=129"}],"curies":[{"name":"wp","href":"https:\/\/api.w.org\/{rel}","templated":true}]}}